{"id":6841,"date":"2026-04-16T17:45:34","date_gmt":"2026-04-16T14:45:34","guid":{"rendered":"https:\/\/princ-cist.hr\/?page_id=6841"},"modified":"2026-05-09T18:01:06","modified_gmt":"2026-05-09T15:01:06","slug":"impressum","status":"publish","type":"page","link":"https:\/\/princ-cist.hr\/en\/impressum\/","title":{"rendered":"Impressum"},"content":{"rendered":"<div data-elementor-type=\"wp-page\" data-elementor-id=\"6841\" class=\"elementor elementor-6841\" data-elementor-post-type=\"page\">\n\t\t\t\t<div class=\"elementor-element elementor-element-58ba7cf e-flex e-con-boxed e-con e-parent\" data-id=\"58ba7cf\" data-element_type=\"container\" data-e-type=\"container\" data-settings=\"{&quot;background_background&quot;:&quot;classic&quot;,&quot;jet_parallax_layout_list&quot;:[]}\">\n\t\t\t\t\t<div class=\"e-con-inner\">\n\t\t\t\t<div class=\"elementor-element elementor-element-36ca2ce elementor-widget elementor-widget-heading\" data-id=\"36ca2ce\" data-element_type=\"widget\" data-e-type=\"widget\" data-widget_type=\"heading.default\">\n\t\t\t\t<div class=\"elementor-widget-container\">\n\t\t\t\t\t<h3 class=\"elementor-heading-title elementor-size-default\">IMPRESSUM<\/h3>\t\t\t\t<\/div>\n\t\t\t\t<\/div>\n\t\t\t\t<div class=\"elementor-element elementor-element-fca64c4 elementor-widget elementor-widget-text-editor\" data-id=\"fca64c4\" data-element_type=\"widget\" data-e-type=\"widget\" data-widget_type=\"text-editor.default\">\n\t\t\t\t<div class=\"elementor-widget-container\">\n\t\t\t\t\t\t\t\t\t<h5 data-path-to-node=\"6\">Service provider information:<\/h5>\n<p data-path-to-node=\"7\"><b data-path-to-node=\"7\" data-index-in-node=\"0\">Business\/Company name:<\/b> Princ \u010cist d.o.o.<\/p>\n<p data-path-to-node=\"8\"><b data-path-to-node=\"8\" data-index-in-node=\"0\">Owner:<\/b> Swetlana Ehling<\/p>\n<p data-path-to-node=\"9\"><b data-path-to-node=\"9\" data-index-in-node=\"0\">Headquarters address:<\/b> Sv. Jere 15 <br \/>21220, Trogir, Croatia<\/p>\n<p data-path-to-node=\"10\"><b data-path-to-node=\"10\" data-index-in-node=\"0\">OIB:<\/b> 98742243449<\/p>\n<h5 data-path-to-node=\"11\">Contact information:<\/h5>\n<p data-path-to-node=\"12\"><b data-path-to-node=\"12\" data-index-in-node=\"0\">Phone:<\/b> +385992109970<\/p>\n<p data-path-to-node=\"12\">+491786146584<\/p>\n<p data-path-to-node=\"12\">+385915537957<\/p>\n<p data-path-to-node=\"13\"><b data-path-to-node=\"13\" data-index-in-node=\"0\">E-mail:<\/b> <a href=\"mailto:info@princ-cist.hr\">info@princ-cist.hr<\/a><\/p>\n<p data-path-to-node=\"14\"><b data-path-to-node=\"14\" data-index-in-node=\"0\">Website:<\/b> <a class=\"ng-star-inserted\" href=\"https:\/\/princ-cist.hr\/en\/\" target=\"_blank\" rel=\"noopener\" data-hveid=\"0\" data-ved=\"0CAAQ_4QMahgKEwjX__WZ0PGTAxUAAAAAHQAAAAAQ7gI\">https:\/\/princ-cist.hr\/<\/a><\/p>\n<h5 data-path-to-node=\"15\">Responsibility for content:<\/h5>\n<p data-path-to-node=\"16\">The content of our pages has been created with the greatest care. However, we cannot guarantee the accuracy, completeness and timeliness of all information. As a service provider, we are responsible for our own content on these pages in accordance with general laws.<\/p>\n<h5 data-path-to-node=\"17\">Responsibility for links:<\/h5>\n<p data-path-to-node=\"18\">Our offer contains links to external websites of third parties over whose content we have no influence. Therefore, we cannot assume responsibility for this external content. The respective provider or operator of the linked pages is always responsible for their content.<\/p>\t\t\t\t\t\t\t\t<\/div>\n\t\t\t\t<\/div>\n\t\t\t\t\t<\/div>\n\t\t\t\t<\/div>\n\t\t\t\t<\/div>","protected":false},"excerpt":{"rendered":"<p>IMPRESSUM Podaci o pru\u017eatelju usluga: Naziv obrta\/tvrtke: Princ \u010cist d.o.o. Vlasnik: Swetlana Ehling Adresa sjedi\u0161ta: Sv. Jere 15 21220, Trogir, Hrvatska OIB: 98742243449 Kontakt informacije: Telefon: +385992109970 +491786146584 +385915537957 E-mail: info@princ-cist.hr Web stranica: https:\/\/princ-cist.hr\/ Odgovornost za sadr\u017eaj: Sadr\u017eaj na\u0161ih stranica kreiran je s velikom pa\u017enjom. Ipak, ne mo\u017eemo jam\u010diti za to\u010dnost, potpunost i pravovremenost svih [&hellip;]<\/p>\n","protected":false},"author":2,"featured_media":0,"parent":0,"menu_order":0,"comment_status":"closed","ping_status":"closed","template":"elementor_header_footer","meta":{"_acf_changed":false,"footnotes":""},"class_list":["post-6841","page","type-page","status-publish","hentry"],"acf":[],"_links":{"self":[{"href":"https:\/\/princ-cist.hr\/en\/wp-json\/wp\/v2\/pages\/6841","targetHints":{"allow":["GET"]}}],"collection":[{"href":"https:\/\/princ-cist.hr\/en\/wp-json\/wp\/v2\/pages"}],"about":[{"href":"https:\/\/princ-cist.hr\/en\/wp-json\/wp\/v2\/types\/page"}],"author":[{"embeddable":true,"href":"https:\/\/princ-cist.hr\/en\/wp-json\/wp\/v2\/users\/2"}],"replies":[{"embeddable":true,"href":"https:\/\/princ-cist.hr\/en\/wp-json\/wp\/v2\/comments?post=6841"}],"version-history":[{"count":14,"href":"https:\/\/princ-cist.hr\/en\/wp-json\/wp\/v2\/pages\/6841\/revisions"}],"predecessor-version":[{"id":6970,"href":"https:\/\/princ-cist.hr\/en\/wp-json\/wp\/v2\/pages\/6841\/revisions\/6970"}],"wp:attachment":[{"href":"https:\/\/princ-cist.hr\/en\/wp-json\/wp\/v2\/media?parent=6841"}],"curies":[{"name":"wp","href":"https:\/\/api.w.org\/{rel}","templated":true}]}}