{"id":6760,"date":"2026-04-16T16:23:23","date_gmt":"2026-04-16T13:23:23","guid":{"rendered":"https:\/\/princ-cist.hr\/?page_id=6760"},"modified":"2026-05-09T18:02:22","modified_gmt":"2026-05-09T15:02:22","slug":"politika-kolacica","status":"publish","type":"page","link":"https:\/\/princ-cist.hr\/en\/politika-kolacica\/","title":{"rendered":"Politika kola\u010di\u0107a"},"content":{"rendered":"<div data-elementor-type=\"wp-page\" data-elementor-id=\"6760\" class=\"elementor elementor-6760\" data-elementor-post-type=\"page\">\n\t\t\t\t<div class=\"elementor-element elementor-element-db4fa13 e-flex e-con-boxed e-con e-parent\" data-id=\"db4fa13\" data-element_type=\"container\" data-e-type=\"container\" data-settings=\"{&quot;background_background&quot;:&quot;classic&quot;,&quot;jet_parallax_layout_list&quot;:[]}\">\n\t\t\t\t\t<div class=\"e-con-inner\">\n\t\t\t\t<div class=\"elementor-element elementor-element-494b177 elementor-widget elementor-widget-heading\" data-id=\"494b177\" data-element_type=\"widget\" data-e-type=\"widget\" data-widget_type=\"heading.default\">\n\t\t\t\t<div class=\"elementor-widget-container\">\n\t\t\t\t\t<h3 class=\"elementor-heading-title elementor-size-default\">COOKIE POLICY (EU)<\/h3>\t\t\t\t<\/div>\n\t\t\t\t<\/div>\n\t\t\t\t<div class=\"elementor-element elementor-element-1377aaa elementor-widget elementor-widget-text-editor\" data-id=\"1377aaa\" data-element_type=\"widget\" data-e-type=\"widget\" data-widget_type=\"text-editor.default\">\n\t\t\t\t<div class=\"elementor-widget-container\">\n\t\t\t\t\t\t\t\t\t<p data-path-to-node=\"4\">This Cookie Policy applies to residents of the European Economic Area (EEA) and Switzerland and describes how the website <b data-path-to-node=\"4\" data-index-in-node=\"125\"><a class=\"ng-star-inserted\" href=\"https:\/\/princ-cist.hr\/en\/\" target=\"_blank\" rel=\"noopener\" data-hveid=\"0\" data-ved=\"0CAAQ_4QMahgKEwjX__WZ0PGTAxUAAAAAHQAAAAAQkAI\">https:\/\/princ-cist.hr\/<\/a><\/b> (hereinafter \"we\" or \"the site\") uses cookies and related technologies.<\/p>\n<h6 data-path-to-node=\"5\"><strong>1. WHAT ARE COOKIES?<\/strong><\/h6>\n<p data-path-to-node=\"6\">Cookies are small text files that are stored in your browser or on your device's hard drive when you visit a website. They enable the site to recognize your actions or settings (such as language, login, etc.) over a certain period of time.<\/p>\n<h6 data-path-to-node=\"7\"><strong>2. WHAT TYPES OF COOKIES DO WE USE?<\/strong><\/h6>\n<p data-path-to-node=\"8\">We use the following categories of cookies to ensure the operation of our services:<\/p>\n<ul data-path-to-node=\"9\">\n<li>\n<p data-path-to-node=\"9,0,0\"><b data-path-to-node=\"9,0,0\" data-index-in-node=\"0\">Technical (necessary) cookies:<\/b> These cookies are essential for the correct functioning of the site, security and storing your privacy settings. Without them, the site cannot function properly.<\/p>\n<\/li>\n<li>\n<p data-path-to-node=\"9,1,0\"><b data-path-to-node=\"9,1,0\" data-index-in-node=\"0\">Statistical (analytical) cookies:<\/b> They help us understand how visitors interact with the site (e.g., which service pages are most popular) so we can improve our operations.<\/p>\n<\/li>\n<li>\n<p data-path-to-node=\"9,2,0\"><b data-path-to-node=\"9,2,0\" data-index-in-node=\"0\">Marketing cookies:<\/b> They are used to track visitors across websites in order to display ads that are relevant and interesting to the individual user.<\/p>\n<\/li>\n<\/ul>\n<h6 data-path-to-node=\"10\"><strong>3. WEBSITE TECHNOLOGIES<\/strong><\/h6>\n<p data-path-to-node=\"11\">Our site may use:<\/p>\n<ul data-path-to-node=\"12\">\n<li>\n<p data-path-to-node=\"12,0,0\"><b data-path-to-node=\"12,0,0\" data-index-in-node=\"0\">Complianz:<\/b> For managing your consent (Consent Management).<\/p>\n<\/li>\n<li>\n<p data-path-to-node=\"12,1,0\"><b data-path-to-node=\"12,1,0\" data-index-in-node=\"0\">Google Analytics:<\/b> For analyzing traffic and the effectiveness of our offers.<\/p>\n<\/li>\n<li>\n<p data-path-to-node=\"12,2,0\"><b data-path-to-node=\"12,2,0\" data-index-in-node=\"0\">Google Maps:<\/b> For interactive maps (e.g., displaying cleaning locations or offices).<\/p>\n<\/li>\n<\/ul>\n<h6 data-path-to-node=\"13\"><strong>4. YOUR CONSENT AND MANAGING SETTINGS<\/strong><\/h6>\n<p data-path-to-node=\"14\">Upon your first visit to our site, you will see a cookie banner (pop-up window) where you can:<\/p>\n<ol start=\"1\" data-path-to-node=\"15\">\n<li>\n<p data-path-to-node=\"15,0,0\"><b data-path-to-node=\"15,0,0\" data-index-in-node=\"0\">Accept all cookies<\/b> (for maximum functionality).<\/p>\n<\/li>\n<li>\n<p data-path-to-node=\"15,1,0\"><b data-path-to-node=\"15,1,0\" data-index-in-node=\"0\">Refuse<\/b> (all except technically necessary ones).<\/p>\n<\/li>\n<li>\n<p data-path-to-node=\"15,2,0\"><b data-path-to-node=\"15,2,0\" data-index-in-node=\"0\">View settings<\/b> to adjust your preferences.<\/p>\n<\/li>\n<\/ol>\n<p data-path-to-node=\"16\">You can change your selection at any time by clicking the \"Manage consent\" button in the corner of the screen.<\/p>\n<h6 data-path-to-node=\"17\"><strong>5. YOUR RIGHTS REGARDING PERSONAL DATA<\/strong><\/h6>\n<p data-path-to-node=\"18\">You have the right to access, correct, or delete your data. More detailed information on how we process your data can be found in our <a href=\"https:\/\/princ-cist.hr\/en\/pravila-o-privatnosti\/\" target=\"_blank\" rel=\"noopener\"><b data-path-to-node=\"18\" data-index-in-node=\"152\">Privacy policy<\/b><\/a>.<\/p>\n<h6 data-path-to-node=\"19\"><strong>6. CONTACT INFORMATION (Contact details)<\/strong><\/h6>\n<p data-path-to-node=\"20\">For inquiries about this policy and your data, feel free to contact us: <b data-path-to-node=\"20\" data-index-in-node=\"71\">Website:<\/b> <a class=\"ng-star-inserted\" href=\"https:\/\/princ-cist.hr\/en\/contact\/\" target=\"_blank\" rel=\"noopener\" data-hveid=\"0\" data-ved=\"0CAAQ_4QMahgKEwjX__WZ0PGTAxUAAAAAHQAAAAAQkQI\">https:\/\/princ-cist.hr\/contact\/<\/a> <b data-path-to-node=\"20\" data-index-in-node=\"105\">E-mail:<\/b> <a href=\"mailto:info@princ-cist.hr\" target=\"_blank\" rel=\"noopener\">info@princ-cist.hr<\/a><\/p>\t\t\t\t\t\t\t\t<\/div>\n\t\t\t\t<\/div>\n\t\t\t\t\t<\/div>\n\t\t\t\t<\/div>\n\t\t\t\t<\/div>","protected":false},"excerpt":{"rendered":"<p>POLITIKA KOLA\u010cI\u0106A (EU) Ova Politika kola\u010di\u0107a odnosi se na stanovnike Europskog gospodarskog prostora (EGP) i \u0160vicarske te opisuje kako web stranica https:\/\/princ-cist.hr\/ (u daljnjem tekstu \u201emi\u201c ili \u201estranica\u201c) koristi kola\u010di\u0107e i srodne tehnologije. 1. \u0160TO SU KOLA\u010cI\u0106I? Kola\u010di\u0107i su male tekstualne datoteke koje se pohranjuju u va\u0161em pregledniku ili na tvrdom disku va\u0161eg ure\u0111aja kada [&hellip;]<\/p>\n","protected":false},"author":2,"featured_media":0,"parent":0,"menu_order":0,"comment_status":"closed","ping_status":"closed","template":"elementor_header_footer","meta":{"_acf_changed":false,"footnotes":""},"class_list":["post-6760","page","type-page","status-publish","hentry"],"acf":[],"_links":{"self":[{"href":"https:\/\/princ-cist.hr\/en\/wp-json\/wp\/v2\/pages\/6760","targetHints":{"allow":["GET"]}}],"collection":[{"href":"https:\/\/princ-cist.hr\/en\/wp-json\/wp\/v2\/pages"}],"about":[{"href":"https:\/\/princ-cist.hr\/en\/wp-json\/wp\/v2\/types\/page"}],"author":[{"embeddable":true,"href":"https:\/\/princ-cist.hr\/en\/wp-json\/wp\/v2\/users\/2"}],"replies":[{"embeddable":true,"href":"https:\/\/princ-cist.hr\/en\/wp-json\/wp\/v2\/comments?post=6760"}],"version-history":[{"count":42,"href":"https:\/\/princ-cist.hr\/en\/wp-json\/wp\/v2\/pages\/6760\/revisions"}],"predecessor-version":[{"id":6973,"href":"https:\/\/princ-cist.hr\/en\/wp-json\/wp\/v2\/pages\/6760\/revisions\/6973"}],"wp:attachment":[{"href":"https:\/\/princ-cist.hr\/en\/wp-json\/wp\/v2\/media?parent=6760"}],"curies":[{"name":"wp","href":"https:\/\/api.w.org\/{rel}","templated":true}]}}