{"id":1913,"date":"2026-03-12T16:29:31","date_gmt":"2026-03-12T13:29:31","guid":{"rendered":"https:\/\/princ-cist.hr\/?page_id=1913"},"modified":"2026-04-02T21:06:12","modified_gmt":"2026-04-02T18:06:12","slug":"career","status":"publish","type":"page","link":"https:\/\/princ-cist.hr\/en\/career\/","title":{"rendered":"Career"},"content":{"rendered":"\t\t<div data-elementor-type=\"wp-page\" data-elementor-id=\"1913\" class=\"elementor elementor-1913\" data-elementor-post-type=\"page\">\n\t\t\t\t<div class=\"elementor-element elementor-element-1b15ed7 e-flex e-con-boxed e-con e-parent\" data-id=\"1b15ed7\" data-element_type=\"container\" data-e-type=\"container\" data-settings=\"{&quot;background_background&quot;:&quot;classic&quot;,&quot;jet_parallax_layout_list&quot;:[]}\">\n\t\t\t\t\t<div class=\"e-con-inner\">\n\t\t\t\t<div class=\"elementor-element elementor-element-0224f73 elementor-widget__width-initial elementor-widget elementor-widget-heading\" data-id=\"0224f73\" data-element_type=\"widget\" data-e-type=\"widget\" data-widget_type=\"heading.default\">\n\t\t\t\t<div class=\"elementor-widget-container\">\n\t\t\t\t\t<h2 class=\"elementor-heading-title elementor-size-default\">Karijera<\/h2>\t\t\t\t<\/div>\n\t\t\t\t<\/div>\n\t\t<div class=\"elementor-element elementor-element-565edb2 e-con-full e-flex e-con e-child\" data-id=\"565edb2\" data-element_type=\"container\" data-e-type=\"container\" data-settings=\"{&quot;jet_parallax_layout_list&quot;:[]}\">\n\t\t\t\t<div class=\"elementor-element elementor-element-f479873 elementor-widget elementor-widget-heading\" data-id=\"f479873\" data-element_type=\"widget\" data-e-type=\"widget\" data-widget_type=\"heading.default\">\n\t\t\t\t<div class=\"elementor-widget-container\">\n\t\t\t\t\t<p class=\"elementor-heading-title elementor-size-default\"><a href=\"https:\/\/princ-cist.hr\/\">Naslovnica<\/a><\/p>\t\t\t\t<\/div>\n\t\t\t\t<\/div>\n\t\t\t\t<div class=\"elementor-element elementor-element-52edee5 elementor-widget elementor-widget-image\" data-id=\"52edee5\" data-element_type=\"widget\" data-e-type=\"widget\" data-widget_type=\"image.default\">\n\t\t\t\t<div class=\"elementor-widget-container\">\n\t\t\t\t\t\t\t\t\t\t\t\t\t\t\t<img decoding=\"async\" width=\"20\" height=\"20\" src=\"https:\/\/princ-cist.hr\/wp-content\/uploads\/lets-icons_arrow-top-4.svg\" class=\"attachment-full size-full wp-image-1683\" alt=\"\" \/>\t\t\t\t\t\t\t\t\t\t\t\t\t\t\t<\/div>\n\t\t\t\t<\/div>\n\t\t\t\t<div class=\"elementor-element elementor-element-77c8f03 elementor-widget elementor-widget-heading\" data-id=\"77c8f03\" data-element_type=\"widget\" data-e-type=\"widget\" data-widget_type=\"heading.default\">\n\t\t\t\t<div class=\"elementor-widget-container\">\n\t\t\t\t\t<p class=\"elementor-heading-title elementor-size-default\">Karijera<\/p>\t\t\t\t<\/div>\n\t\t\t\t<\/div>\n\t\t\t\t<\/div>\n\t\t\t\t\t<\/div>\n\t\t\t\t<\/div>\n\t\t<div class=\"elementor-element elementor-element-e6b8e08 e-flex e-con-boxed e-con e-parent\" data-id=\"e6b8e08\" data-element_type=\"container\" data-e-type=\"container\" data-settings=\"{&quot;background_background&quot;:&quot;classic&quot;,&quot;jet_parallax_layout_list&quot;:[]}\">\n\t\t\t\t\t<div class=\"e-con-inner\">\n\t\t\t\t<div class=\"elementor-element elementor-element-16cbcd4 elementor-widget elementor-widget-heading\" data-id=\"16cbcd4\" data-element_type=\"widget\" data-e-type=\"widget\" data-widget_type=\"heading.default\">\n\t\t\t\t<div class=\"elementor-widget-container\">\n\t\t\t\t\t<p class=\"elementor-heading-title elementor-size-default\">Slobodna radna mjesta<\/p>\t\t\t\t<\/div>\n\t\t\t\t<\/div>\n\t\t\t\t<div class=\"elementor-element elementor-element-38a73cf elementor-widget elementor-widget-heading\" data-id=\"38a73cf\" data-element_type=\"widget\" data-e-type=\"widget\" data-widget_type=\"heading.default\">\n\t\t\t\t<div class=\"elementor-widget-container\">\n\t\t\t\t\t<h2 class=\"elementor-heading-title elementor-size-default\">Postanite dio na\u0161eg profesionalnog tima<\/h2>\t\t\t\t<\/div>\n\t\t\t\t<\/div>\n\t\t\t\t<div class=\"elementor-element elementor-element-3b4ef54 eael_liquid_glass-effect1 eael_liquid_glass_shadow-effect1 elementor-widget elementor-widget-jet-listing-grid\" data-id=\"3b4ef54\" data-element_type=\"widget\" data-e-type=\"widget\" data-settings=\"{&quot;columns&quot;:&quot;1&quot;}\" data-widget_type=\"jet-listing-grid.default\">\n\t\t\t\t<div class=\"elementor-widget-container\">\n\t\t\t\t\t<div class=\"jet-listing-grid jet-listing\"><div class=\"jet-listing-grid__items grid-col-desk-1 grid-col-tablet-1 grid-col-mobile-1 jet-listing-grid--1941\" data-queried-id=\"1913|WP_Post\" data-nav=\"{&quot;enabled&quot;:false,&quot;type&quot;:null,&quot;more_el&quot;:null,&quot;query&quot;:[],&quot;widget_settings&quot;:{&quot;lisitng_id&quot;:1941,&quot;posts_num&quot;:6,&quot;columns&quot;:1,&quot;columns_tablet&quot;:1,&quot;columns_mobile&quot;:1,&quot;column_min_width&quot;:240,&quot;column_min_width_tablet&quot;:240,&quot;column_min_width_mobile&quot;:240,&quot;inline_columns_css&quot;:false,&quot;is_archive_template&quot;:&quot;&quot;,&quot;post_status&quot;:[&quot;publish&quot;],&quot;use_random_posts_num&quot;:&quot;&quot;,&quot;max_posts_num&quot;:9,&quot;not_found_message&quot;:&quot;No data was found&quot;,&quot;is_masonry&quot;:false,&quot;equal_columns_height&quot;:&quot;&quot;,&quot;use_load_more&quot;:&quot;&quot;,&quot;load_more_id&quot;:&quot;&quot;,&quot;load_more_type&quot;:&quot;click&quot;,&quot;load_more_offset&quot;:{&quot;unit&quot;:&quot;px&quot;,&quot;size&quot;:0,&quot;sizes&quot;:[]},&quot;use_custom_post_types&quot;:&quot;&quot;,&quot;custom_post_types&quot;:[],&quot;hide_widget_if&quot;:&quot;&quot;,&quot;carousel_enabled&quot;:&quot;&quot;,&quot;slides_to_scroll&quot;:&quot;1&quot;,&quot;arrows&quot;:&quot;true&quot;,&quot;arrow_icon&quot;:&quot;fa fa-angle-left&quot;,&quot;dots&quot;:&quot;&quot;,&quot;autoplay&quot;:&quot;true&quot;,&quot;pause_on_hover&quot;:&quot;true&quot;,&quot;autoplay_speed&quot;:5000,&quot;infinite&quot;:&quot;true&quot;,&quot;center_mode&quot;:&quot;&quot;,&quot;effect&quot;:&quot;slide&quot;,&quot;speed&quot;:500,&quot;inject_alternative_items&quot;:&quot;&quot;,&quot;injection_items&quot;:[],&quot;scroll_slider_enabled&quot;:&quot;&quot;,&quot;scroll_slider_on&quot;:[&quot;desktop&quot;,&quot;tablet&quot;,&quot;mobile&quot;],&quot;custom_query&quot;:false,&quot;custom_query_id&quot;:&quot;&quot;,&quot;_element_id&quot;:&quot;&quot;,&quot;collapse_first_last_gap&quot;:false,&quot;list_tag_selection&quot;:&quot;&quot;,&quot;list_items_wrapper_tag&quot;:&quot;div&quot;,&quot;list_item_tag&quot;:&quot;div&quot;,&quot;empty_items_wrapper_tag&quot;:&quot;div&quot;}}\" data-page=\"1\" data-pages=\"1\" data-listing-source=\"posts\" data-listing-id=\"1941\" data-query-id=\"\"><div class=\"jet-listing-grid__item jet-listing-dynamic-post-1949\" data-post-id=\"1949\"  >\t\t<div data-elementor-type=\"jet-listing-items\" data-elementor-id=\"1941\" class=\"elementor elementor-1941\" data-elementor-post-type=\"jet-engine\">\n\t\t\t\t<div class=\"elementor-element elementor-element-e947827 e-con-full e-flex e-con e-parent\" data-id=\"e947827\" data-element_type=\"container\" data-e-type=\"container\" data-settings=\"{&quot;jet_parallax_layout_list&quot;:[]}\">\n\t\t<div class=\"elementor-element elementor-element-fbefa2d e-flex e-con-boxed e-con e-child\" data-id=\"fbefa2d\" data-element_type=\"container\" data-e-type=\"container\" data-settings=\"{&quot;jet_parallax_layout_list&quot;:[]}\">\n\t\t\t\t\t<div class=\"e-con-inner\">\n\t\t\t\t<div class=\"elementor-element elementor-element-6bb2b0f elementor-widget elementor-widget-image\" data-id=\"6bb2b0f\" data-element_type=\"widget\" data-e-type=\"widget\" data-widget_type=\"image.default\">\n\t\t\t\t<div class=\"elementor-widget-container\">\n\t\t\t\t\t\t\t\t\t\t\t\t\t\t\t<img decoding=\"async\" width=\"59\" height=\"59\" src=\"https:\/\/princ-cist.hr\/wp-content\/uploads\/frame-629551-10.svg\" class=\"attachment-large size-large wp-image-1947\" alt=\"\" \/>\t\t\t\t\t\t\t\t\t\t\t\t\t\t\t<\/div>\n\t\t\t\t<\/div>\n\t\t\t\t<div class=\"elementor-element elementor-element-143f857 elementor-widget elementor-widget-heading\" data-id=\"143f857\" data-element_type=\"widget\" data-e-type=\"widget\" data-widget_type=\"heading.default\">\n\t\t\t\t<div class=\"elementor-widget-container\">\n\t\t\t\t\t<h4 class=\"elementor-heading-title elementor-size-default\">\u010cista\u010d \/ \u010cista\u010dica apartmana i vila<\/h4>\t\t\t\t<\/div>\n\t\t\t\t<\/div>\n\t\t\t\t\t<\/div>\n\t\t\t\t<\/div>\n\t\t\t\t<div class=\"elementor-element elementor-element-02a9551 elementor-widget elementor-widget-text-editor\" data-id=\"02a9551\" data-element_type=\"widget\" data-e-type=\"widget\" data-widget_type=\"text-editor.default\">\n\t\t\t\t<div class=\"elementor-widget-container\">\n\t\t\t\t\t\t\t\t\t<p>Tra\u017eimo osoblje za sezonski rad na moru u Trogiru (01.05.2026. \u2013 30.09.2026.). <br \/>\nNudimo sigurnu pla\u0107u prema zakonu, mogu\u0107nost ostvarivanja bonusa i osiguran smje\u0161taj. <br \/>\nPridru\u017eite se timu tvrtke Princ \u010cist d.o.o.!<\/p>\n\t\t\t\t\t\t\t\t<\/div>\n\t\t\t\t<\/div>\n\t\t\t\t<div class=\"jet-popup-target elementor-element elementor-element-530661f move elementor-widget elementor-widget-jet-button\" data-jet-popup=\"{&quot;attached-popup&quot;:&quot;jet-popup-5244&quot;,&quot;trigger-type&quot;:&quot;click&quot;,&quot;trigger-custom-selector&quot;:&quot;&quot;}\" data-id=\"530661f\" data-element_type=\"widget\" data-e-type=\"widget\" data-widget_type=\"jet-button.default\">\n\t\t\t\t<div class=\"elementor-widget-container\">\n\t\t\t\t\t<div class=\"elementor-jet-button jet-elements\"><div class=\"jet-button__container\">\n\t<a class=\"jet-button__instance jet-button__instance--icon-right hover-effect-0\" href=\"#\">\n\t\t<div class=\"jet-button__plane jet-button__plane-normal\"><\/div>\n\t\t<div class=\"jet-button__plane jet-button__plane-hover\"><\/div>\n\t\t<div class=\"jet-button__state jet-button__state-normal\">\n\t\t\t<span class=\"jet-button__icon jet-elements-icon\"><svg xmlns=\"http:\/\/www.w3.org\/2000\/svg\" width=\"20\" height=\"20\" viewBox=\"0 0 20 20\" fill=\"none\"><path d=\"M16.6654 10.0007L17.2546 10.5898L17.8438 10.0007L17.2546 9.41151L16.6654 10.0007ZM4.16542 9.16734C3.9444 9.16734 3.73244 9.25514 3.57616 9.41142C3.41988 9.5677 3.33208 9.77966 3.33208 10.0007C3.33208 10.2217 3.41988 10.4337 3.57616 10.5899C3.73244 10.7462 3.9444 10.834 4.16542 10.834V9.16734ZM12.2546 15.5898L17.2546 10.5898L16.0763 9.41151L11.0763 14.4115L12.2546 15.5898ZM17.2546 9.41151L12.2546 4.41151L11.0763 5.58984L16.0763 10.5898L17.2546 9.41151ZM16.6654 9.16734H4.16542V10.834H16.6654V9.16734Z\" fill=\"#0D335E\"><\/path><\/svg><\/span><span class=\"jet-button__label\">Po\u0161aljite svoj \u017eivotopis<\/span>\t\t<\/div>\n\t\t<div class=\"jet-button__state jet-button__state-hover\">\n\t\t\t<span class=\"jet-button__icon jet-elements-icon\"><svg xmlns=\"http:\/\/www.w3.org\/2000\/svg\" width=\"20\" height=\"20\" viewBox=\"0 0 20 20\" fill=\"none\"><path d=\"M16.6654 10.0007L17.2546 10.5898L17.8438 10.0007L17.2546 9.41151L16.6654 10.0007ZM4.16542 9.16734C3.9444 9.16734 3.73244 9.25514 3.57616 9.41142C3.41988 9.5677 3.33208 9.77966 3.33208 10.0007C3.33208 10.2217 3.41988 10.4337 3.57616 10.5899C3.73244 10.7462 3.9444 10.834 4.16542 10.834V9.16734ZM12.2546 15.5898L17.2546 10.5898L16.0763 9.41151L11.0763 14.4115L12.2546 15.5898ZM17.2546 9.41151L12.2546 4.41151L11.0763 5.58984L16.0763 10.5898L17.2546 9.41151ZM16.6654 9.16734H4.16542V10.834H16.6654V9.16734Z\" fill=\"white\"><\/path><\/svg><\/span><span class=\"jet-button__label\">Po\u0161aljite svoj \u017eivotopis<\/span>\t\t<\/div>\n\t<\/a>\n<\/div>\n<\/div>\t\t\t\t<\/div>\n\t\t\t\t<\/div>\n\t\t\t\t<\/div>\n\t\t\t\t<\/div>\n\t\t<\/div><\/div><\/div>\t\t\t\t<\/div>\n\t\t\t\t<\/div>\n\t\t\t\t\t<\/div>\n\t\t\t\t<\/div>\n\t\t\t\t<\/div>\n\t\t","protected":false},"excerpt":{"rendered":"<p>Karijera Naslovnica Karijera Slobodna radna mjesta Postanite dio na\u0161eg profesionalnog tima Po\u0161aljite svoj \u017eivotopis Po\u0161aljite svoj \u017eivotopis Po\u0161aljite svoj \u017eivotopis Po\u0161aljite svoj \u017eivotopis Po\u0161aljite svoj \u017eivotopis Po\u0161aljite svoj \u017eivotopis<\/p>","protected":false},"author":2,"featured_media":0,"parent":0,"menu_order":0,"comment_status":"closed","ping_status":"closed","template":"elementor_header_footer","meta":{"_acf_changed":false,"footnotes":""},"class_list":["post-1913","page","type-page","status-publish","hentry"],"acf":[],"_links":{"self":[{"href":"https:\/\/princ-cist.hr\/en\/wp-json\/wp\/v2\/pages\/1913","targetHints":{"allow":["GET"]}}],"collection":[{"href":"https:\/\/princ-cist.hr\/en\/wp-json\/wp\/v2\/pages"}],"about":[{"href":"https:\/\/princ-cist.hr\/en\/wp-json\/wp\/v2\/types\/page"}],"author":[{"embeddable":true,"href":"https:\/\/princ-cist.hr\/en\/wp-json\/wp\/v2\/users\/2"}],"replies":[{"embeddable":true,"href":"https:\/\/princ-cist.hr\/en\/wp-json\/wp\/v2\/comments?post=1913"}],"version-history":[{"count":55,"href":"https:\/\/princ-cist.hr\/en\/wp-json\/wp\/v2\/pages\/1913\/revisions"}],"predecessor-version":[{"id":4454,"href":"https:\/\/princ-cist.hr\/en\/wp-json\/wp\/v2\/pages\/1913\/revisions\/4454"}],"wp:attachment":[{"href":"https:\/\/princ-cist.hr\/en\/wp-json\/wp\/v2\/media?parent=1913"}],"curies":[{"name":"wp","href":"https:\/\/api.w.org\/{rel}","templated":true}]}}